{"id":139,"date":"2026-01-18T11:00:57","date_gmt":"2026-01-18T10:00:57","guid":{"rendered":"https:\/\/bee-windeck.de\/?page_id=139"},"modified":"2026-02-21T19:06:07","modified_gmt":"2026-02-21T18:06:07","slug":"die-imkerei","status":"publish","type":"page","link":"https:\/\/bee-windeck.de\/?page_id=139","title":{"rendered":"Die Imkerei"},"content":{"rendered":"\t\t<div data-elementor-type=\"wp-page\" data-elementor-id=\"139\" class=\"elementor elementor-139\">\n\t\t\t\t<div class=\"elementor-element elementor-element-4661901 e-flex e-con-boxed e-con e-parent\" data-id=\"4661901\" data-element_type=\"container\" data-e-type=\"container\">\n\t\t\t\t\t<div class=\"e-con-inner\">\n\t\t\t\t<div class=\"elementor-element elementor-element-eafac42 elementor-widget elementor-widget-heading\" data-id=\"eafac42\" data-element_type=\"widget\" data-e-type=\"widget\" data-widget_type=\"heading.default\">\n\t\t\t\t\t<h2 class=\"elementor-heading-title elementor-size-default\">Die Imkerei<\/h2>\t\t\t\t<\/div>\n\t\t\t\t\t<\/div>\n\t\t\t\t<\/div>\n\t\t<div class=\"elementor-element elementor-element-e8b9477 e-flex e-con-boxed e-con e-parent\" data-id=\"e8b9477\" data-element_type=\"container\" data-e-type=\"container\">\n\t\t\t\t\t<div class=\"e-con-inner\">\n\t\t\t\t<div class=\"elementor-element elementor-element-a3924b7 elementor-widget elementor-widget-text-editor\" data-id=\"a3924b7\" data-element_type=\"widget\" data-e-type=\"widget\" data-widget_type=\"text-editor.default\">\n\t\t\t\t\t\t\t\t\t<h2><strong>Imkerei im Siegtal \u2013 Handwerk, Natur und Heimatverbundenheit<\/strong><\/h2><p><span style=\"white-space-collapse: preserve;\">Mitten im idyllischen Siegtal, in der Gemeinde Windeck, entsteht unser Honig dort, wo Natur noch Raum zum Atmen hat. Zwischen sanften H\u00fcgeln, klaren B\u00e4chen und weitl\u00e4ufigen W\u00e4ldern finden unsere Bienenv\u00f6lker ein reiches, vielf\u00e4ltiges Bl\u00fctenangebot. Diese besondere Landschaft pr\u00e4gt nicht nur den Charakter unserer Region, sondern auch den Geschmack unseres Honigs.<\/span><\/p><p><span style=\"white-space-collapse: preserve;\">Unsere Imkerei verbindet traditionelles Handwerk mit moderner, verantwortungsvoller Bienenhaltung. Wir arbeiten im Einklang mit der Natur, achten auf das Wohl unserer V\u00f6lker und setzen auf nachhaltige Methoden, die den Bienen ein gesundes, stabiles Umfeld bieten. Jede Honigernte ist f\u00fcr uns ein St\u00fcck gelebte Wertsch\u00e4tzung gegen\u00fcber diesen faszinierenden Tieren.<\/span><\/p><p><span style=\"white-space-collapse: preserve;\">Ob Fr\u00fchtracht, Sommerbl\u00fcte oder aromatischer Waldhonig \u2013 jede Sorte erz\u00e4hlt ihre eigene Geschichte \u00fcber die Vielfalt des Siegtals. Unser Honig wird schonend verarbeitet, bleibt naturbelassen und steht f\u00fcr echte regionale Qualit\u00e4t.<\/span><\/p><p><span style=\"white-space-collapse: preserve;\">Wer unsere Imkerei besucht, erlebt nicht nur die Welt der Bienen aus n\u00e4chster N\u00e4he, sondern auch die Ruhe und Sch\u00f6nheit einer Landschaft, die uns jeden Tag aufs Neue inspiriert. Wir laden Sie ein, die Imkerei im Siegtal kennenzulernen \u2013 authentisch, naturverbunden und mit viel Liebe zum Detail.<\/span><\/p>\t\t\t\t\t\t\t\t<\/div>\n\t\t\t\t\t<\/div>\n\t\t\t\t<\/div>\n\t\t\t\t<\/div>\n\t\t","protected":false},"excerpt":{"rendered":"<p>Die Imkerei Imkerei im Siegtal \u2013 Handwerk, Natur und Heimatverbundenheit Mitten im idyllischen Siegtal, in der Gemeinde Windeck, entsteht unser Honig dort, wo Natur noch Raum zum Atmen hat. Zwischen sanften H\u00fcgeln, klaren B\u00e4chen und weitl\u00e4ufigen W\u00e4ldern finden unsere Bienenv\u00f6lker ein reiches, vielf\u00e4ltiges Bl\u00fctenangebot. Diese besondere Landschaft pr\u00e4gt nicht nur den Charakter unserer Region, sondern [&hellip;]<\/p>\n","protected":false},"author":1,"featured_media":0,"parent":0,"menu_order":0,"comment_status":"closed","ping_status":"closed","template":"","meta":{"_eb_attr":"","footnotes":""},"class_list":["post-139","page","type-page","status-publish","hentry"],"_links":{"self":[{"href":"https:\/\/bee-windeck.de\/index.php?rest_route=\/wp\/v2\/pages\/139","targetHints":{"allow":["GET"]}}],"collection":[{"href":"https:\/\/bee-windeck.de\/index.php?rest_route=\/wp\/v2\/pages"}],"about":[{"href":"https:\/\/bee-windeck.de\/index.php?rest_route=\/wp\/v2\/types\/page"}],"author":[{"embeddable":true,"href":"https:\/\/bee-windeck.de\/index.php?rest_route=\/wp\/v2\/users\/1"}],"replies":[{"embeddable":true,"href":"https:\/\/bee-windeck.de\/index.php?rest_route=%2Fwp%2Fv2%2Fcomments&post=139"}],"version-history":[{"count":7,"href":"https:\/\/bee-windeck.de\/index.php?rest_route=\/wp\/v2\/pages\/139\/revisions"}],"predecessor-version":[{"id":172,"href":"https:\/\/bee-windeck.de\/index.php?rest_route=\/wp\/v2\/pages\/139\/revisions\/172"}],"wp:attachment":[{"href":"https:\/\/bee-windeck.de\/index.php?rest_route=%2Fwp%2Fv2%2Fmedia&parent=139"}],"curies":[{"name":"wp","href":"https:\/\/api.w.org\/{rel}","templated":true}]}}