{"id":7,"date":"2026-01-17T10:16:07","date_gmt":"2026-01-17T09:16:07","guid":{"rendered":"https:\/\/bee-windeck.de\/?page_id=7"},"modified":"2026-01-18T11:26:00","modified_gmt":"2026-01-18T10:26:00","slug":"home","status":"publish","type":"page","link":"https:\/\/bee-windeck.de\/?page_id=7","title":{"rendered":"Home"},"content":{"rendered":"\t\t<div data-elementor-type=\"wp-post\" data-elementor-id=\"7\" class=\"elementor elementor-7\">\n\t\t\t\t<div class=\"elementor-element elementor-element-b1992f9 e-flex e-con-boxed e-con e-parent\" data-id=\"b1992f9\" data-element_type=\"container\" data-e-type=\"container\">\n\t\t\t\t\t<div class=\"e-con-inner\">\n\t\t\t\t<div class=\"elementor-element elementor-element-35ed853 elementor-widget elementor-widget-spacer\" data-id=\"35ed853\" data-element_type=\"widget\" data-e-type=\"widget\" data-widget_type=\"spacer.default\">\n\t\t\t\t\t\t\t<div class=\"elementor-spacer\">\n\t\t\t<div class=\"elementor-spacer-inner\"><\/div>\n\t\t<\/div>\n\t\t\t\t\t\t<\/div>\n\t\t\t\t\t<\/div>\n\t\t\t\t<\/div>\n\t\t<div class=\"elementor-element elementor-element-601a7b0 e-flex e-con-boxed e-con e-parent\" data-id=\"601a7b0\" data-element_type=\"container\" data-e-type=\"container\">\n\t\t\t\t\t<div class=\"e-con-inner\">\n\t\t\t\t<div class=\"elementor-element elementor-element-e5afc7d elementor-widget elementor-widget-heading\" data-id=\"e5afc7d\" data-element_type=\"widget\" data-e-type=\"widget\" data-widget_type=\"heading.default\">\n\t\t\t\t\t<h2 class=\"elementor-heading-title elementor-size-default\">Bee Windeck \u2013 Honig aus dem Herzen der Natur<br>\nRegional. Nachhaltig. Handgemacht.<\/h2>\t\t\t\t<\/div>\n\t\t\t\t\t<\/div>\n\t\t\t\t<\/div>\n\t\t<div class=\"elementor-element elementor-element-2627ea0 e-flex e-con-boxed e-con e-parent\" data-id=\"2627ea0\" data-element_type=\"container\" data-e-type=\"container\">\n\t\t\t\t\t<div class=\"e-con-inner\">\n\t\t\t\t<div class=\"elementor-element elementor-element-cec7d78 elementor-widget elementor-widget-spacer\" data-id=\"cec7d78\" data-element_type=\"widget\" data-e-type=\"widget\" data-widget_type=\"spacer.default\">\n\t\t\t\t\t\t\t<div class=\"elementor-spacer\">\n\t\t\t<div class=\"elementor-spacer-inner\"><\/div>\n\t\t<\/div>\n\t\t\t\t\t\t<\/div>\n\t\t\t\t\t<\/div>\n\t\t\t\t<\/div>\n\t\t<div class=\"elementor-element elementor-element-1c9652b e-flex e-con-boxed e-con e-parent\" data-id=\"1c9652b\" data-element_type=\"container\" data-e-type=\"container\">\n\t\t\t\t\t<div class=\"e-con-inner\">\n\t\t\t\t<div class=\"elementor-element elementor-element-3bde3fe elementor-widget elementor-widget-text-editor\" data-id=\"3bde3fe\" data-element_type=\"widget\" data-e-type=\"widget\" data-widget_type=\"text-editor.default\">\n\t\t\t\t\t\t\t\t\t<p>Willkommen bei Bee Windeck, meiner kleinen, naturnahen Imkerei im Rhein\u2011Sieg\u2011Kreis.<br \/>Ich begleite meine Bienenv\u00f6lker durch das Jahr, ernte ihren Honig schonend und lege gro\u00dfen Wert auf Qualit\u00e4t, Nachhaltigkeit und regionale Verantwortung.<\/p>\t\t\t\t\t\t\t\t<\/div>\n\t\t\t\t\t<\/div>\n\t\t\t\t<\/div>\n\t\t<div class=\"elementor-element elementor-element-55a11b7 e-flex e-con-boxed e-con e-parent\" data-id=\"55a11b7\" data-element_type=\"container\" data-e-type=\"container\">\n\t\t\t\t\t<div class=\"e-con-inner\">\n\t\t\t\t<div class=\"elementor-element elementor-element-a559530 elementor-widget elementor-widget-spacer\" data-id=\"a559530\" data-element_type=\"widget\" data-e-type=\"widget\" data-widget_type=\"spacer.default\">\n\t\t\t\t\t\t\t<div class=\"elementor-spacer\">\n\t\t\t<div class=\"elementor-spacer-inner\"><\/div>\n\t\t<\/div>\n\t\t\t\t\t\t<\/div>\n\t\t\t\t\t<\/div>\n\t\t\t\t<\/div>\n\t\t<div class=\"elementor-element elementor-element-d791280 e-grid e-con-boxed e-con e-parent\" data-id=\"d791280\" data-element_type=\"container\" data-e-type=\"container\">\n\t\t\t\t\t<div class=\"e-con-inner\">\n\t\t\t\t<div class=\"elementor-element elementor-element-6dbe00b elementor-position-top elementor-widget elementor-widget-image-box\" data-id=\"6dbe00b\" data-element_type=\"widget\" data-e-type=\"widget\" data-widget_type=\"image-box.default\">\n\t\t\t\t\t<div class=\"elementor-image-box-wrapper\"><figure class=\"elementor-image-box-img\"><img fetchpriority=\"high\" decoding=\"async\" width=\"1080\" height=\"1080\" src=\"https:\/\/bee-windeck.de\/wp-content\/uploads\/2026\/01\/Design-ohne-Titel.webp\" class=\"attachment-full size-full wp-image-86\" alt=\"\" srcset=\"https:\/\/bee-windeck.de\/wp-content\/uploads\/2026\/01\/Design-ohne-Titel.webp 1080w, https:\/\/bee-windeck.de\/wp-content\/uploads\/2026\/01\/Design-ohne-Titel-300x300.webp 300w, https:\/\/bee-windeck.de\/wp-content\/uploads\/2026\/01\/Design-ohne-Titel-1024x1024.webp 1024w, https:\/\/bee-windeck.de\/wp-content\/uploads\/2026\/01\/Design-ohne-Titel-150x150.webp 150w, https:\/\/bee-windeck.de\/wp-content\/uploads\/2026\/01\/Design-ohne-Titel-768x768.png 768w\" sizes=\"(max-width: 1080px) 100vw, 1080px\" \/><\/figure><div class=\"elementor-image-box-content\"><h3 class=\"elementor-image-box-title\">Die Imkerei<\/h3><p class=\"elementor-image-box-description\">Lorem ipsum dolor sit amet, consectetur adipiscing elit. Ut elit tellus, luctus nec ullamcorper mattis, pulvinar dapibus leo.<\/p><\/div><\/div>\t\t\t\t<\/div>\n\t\t\t\t<div class=\"elementor-element elementor-element-7853a9d elementor-position-top elementor-widget elementor-widget-image-box\" data-id=\"7853a9d\" data-element_type=\"widget\" data-e-type=\"widget\" data-widget_type=\"image-box.default\">\n\t\t\t\t\t<div class=\"elementor-image-box-wrapper\"><figure class=\"elementor-image-box-img\"><img decoding=\"async\" width=\"1080\" height=\"1080\" src=\"https:\/\/bee-windeck.de\/wp-content\/uploads\/2026\/01\/Design-ohne-Titel-1.webp\" class=\"attachment-full size-full wp-image-87\" alt=\"\" srcset=\"https:\/\/bee-windeck.de\/wp-content\/uploads\/2026\/01\/Design-ohne-Titel-1.webp 1080w, https:\/\/bee-windeck.de\/wp-content\/uploads\/2026\/01\/Design-ohne-Titel-1-300x300.webp 300w, https:\/\/bee-windeck.de\/wp-content\/uploads\/2026\/01\/Design-ohne-Titel-1-1024x1024.webp 1024w, https:\/\/bee-windeck.de\/wp-content\/uploads\/2026\/01\/Design-ohne-Titel-1-150x150.webp 150w, https:\/\/bee-windeck.de\/wp-content\/uploads\/2026\/01\/Design-ohne-Titel-1-768x768.webp 768w\" sizes=\"(max-width: 1080px) 100vw, 1080px\" \/><\/figure><div class=\"elementor-image-box-content\"><h3 class=\"elementor-image-box-title\">Unsere Produkte<\/h3><p class=\"elementor-image-box-description\">Lorem ipsum dolor sit amet, consectetur adipiscing elit. Ut elit tellus, luctus nec ullamcorper mattis, pulvinar dapibus leo.<\/p><\/div><\/div>\t\t\t\t<\/div>\n\t\t\t\t<div class=\"elementor-element elementor-element-ab77eba elementor-position-top elementor-widget elementor-widget-image-box\" data-id=\"ab77eba\" data-element_type=\"widget\" data-e-type=\"widget\" data-widget_type=\"image-box.default\">\n\t\t\t\t\t<div class=\"elementor-image-box-wrapper\"><figure class=\"elementor-image-box-img\"><img decoding=\"async\" width=\"297\" height=\"302\" src=\"https:\/\/bee-windeck.de\/wp-content\/uploads\/2026\/01\/cropped-Untitled-design.webp\" class=\"attachment-full size-full wp-image-54\" alt=\"\" srcset=\"https:\/\/bee-windeck.de\/wp-content\/uploads\/2026\/01\/cropped-Untitled-design.webp 297w, https:\/\/bee-windeck.de\/wp-content\/uploads\/2026\/01\/cropped-Untitled-design-295x300.webp 295w\" sizes=\"(max-width: 297px) 100vw, 297px\" \/><\/figure><div class=\"elementor-image-box-content\"><h3 class=\"elementor-image-box-title\">Philosophie<\/h3><p class=\"elementor-image-box-description\">Lorem ipsum dolor sit amet, consectetur adipiscing elit. Ut elit tellus, luctus nec ullamcorper mattis, pulvinar dapibus leo.<\/p><\/div><\/div>\t\t\t\t<\/div>\n\t\t\t\t<div class=\"elementor-element elementor-element-b2e384b elementor-position-top elementor-widget elementor-widget-image-box\" data-id=\"b2e384b\" data-element_type=\"widget\" data-e-type=\"widget\" data-widget_type=\"image-box.default\">\n\t\t\t\t\t<div class=\"elementor-image-box-wrapper\"><figure class=\"elementor-image-box-img\"><img loading=\"lazy\" decoding=\"async\" width=\"1080\" height=\"1080\" src=\"https:\/\/bee-windeck.de\/wp-content\/uploads\/2026\/01\/historische-karten-mercatorkarte-windeck-karte-windeck.webp\" class=\"attachment-full size-full wp-image-127\" alt=\"\" srcset=\"https:\/\/bee-windeck.de\/wp-content\/uploads\/2026\/01\/historische-karten-mercatorkarte-windeck-karte-windeck.webp 1080w, https:\/\/bee-windeck.de\/wp-content\/uploads\/2026\/01\/historische-karten-mercatorkarte-windeck-karte-windeck-300x300.png 300w, https:\/\/bee-windeck.de\/wp-content\/uploads\/2026\/01\/historische-karten-mercatorkarte-windeck-karte-windeck-1024x1024.png 1024w, https:\/\/bee-windeck.de\/wp-content\/uploads\/2026\/01\/historische-karten-mercatorkarte-windeck-karte-windeck-150x150.png 150w, https:\/\/bee-windeck.de\/wp-content\/uploads\/2026\/01\/historische-karten-mercatorkarte-windeck-karte-windeck-768x768.png 768w\" sizes=\"(max-width: 1080px) 100vw, 1080px\" \/><\/figure><div class=\"elementor-image-box-content\"><h3 class=\"elementor-image-box-title\">Standorte<\/h3><p class=\"elementor-image-box-description\">Lorem ipsum dolor sit amet, consectetur adipiscing elit. Ut elit tellus, luctus nec ullamcorper mattis, pulvinar dapibus leo.<\/p><\/div><\/div>\t\t\t\t<\/div>\n\t\t\t\t<div class=\"elementor-element elementor-element-e4536c6 elementor-position-top elementor-widget elementor-widget-image-box\" data-id=\"e4536c6\" data-element_type=\"widget\" data-e-type=\"widget\" data-widget_type=\"image-box.default\">\n\t\t\t\t\t<div class=\"elementor-image-box-wrapper\"><figure class=\"elementor-image-box-img\"><img loading=\"lazy\" decoding=\"async\" width=\"1200\" height=\"1200\" src=\"https:\/\/bee-windeck.de\/wp-content\/uploads\/2026\/01\/IMG_0024.webp\" class=\"attachment-full size-full wp-image-128\" alt=\"\" srcset=\"https:\/\/bee-windeck.de\/wp-content\/uploads\/2026\/01\/IMG_0024.webp 1200w, https:\/\/bee-windeck.de\/wp-content\/uploads\/2026\/01\/IMG_0024-300x300.webp 300w, https:\/\/bee-windeck.de\/wp-content\/uploads\/2026\/01\/IMG_0024-1024x1024.webp 1024w, https:\/\/bee-windeck.de\/wp-content\/uploads\/2026\/01\/IMG_0024-150x150.webp 150w, https:\/\/bee-windeck.de\/wp-content\/uploads\/2026\/01\/IMG_0024-768x768.webp 768w\" sizes=\"(max-width: 1200px) 100vw, 1200px\" \/><\/figure><div class=\"elementor-image-box-content\"><h3 class=\"elementor-image-box-title\">Aktuelles<\/h3><p class=\"elementor-image-box-description\">Lorem ipsum dolor sit amet, consectetur adipiscing elit. Ut elit tellus, luctus nec ullamcorper mattis, pulvinar dapibus leo.<\/p><\/div><\/div>\t\t\t\t<\/div>\n\t\t\t\t<div class=\"elementor-element elementor-element-6eadd41 elementor-position-top elementor-widget elementor-widget-image-box\" data-id=\"6eadd41\" data-element_type=\"widget\" data-e-type=\"widget\" data-widget_type=\"image-box.default\">\n\t\t\t\t\t<div class=\"elementor-image-box-wrapper\"><figure class=\"elementor-image-box-img\"><img loading=\"lazy\" decoding=\"async\" width=\"1200\" height=\"1200\" src=\"https:\/\/bee-windeck.de\/wp-content\/uploads\/2026\/01\/IMG_0026.webp\" class=\"attachment-full size-full wp-image-129\" alt=\"\" srcset=\"https:\/\/bee-windeck.de\/wp-content\/uploads\/2026\/01\/IMG_0026.webp 1200w, https:\/\/bee-windeck.de\/wp-content\/uploads\/2026\/01\/IMG_0026-300x300.jpeg 300w, https:\/\/bee-windeck.de\/wp-content\/uploads\/2026\/01\/IMG_0026-1024x1024.jpeg 1024w, https:\/\/bee-windeck.de\/wp-content\/uploads\/2026\/01\/IMG_0026-150x150.jpeg 150w, https:\/\/bee-windeck.de\/wp-content\/uploads\/2026\/01\/IMG_0026-768x768.jpeg 768w\" sizes=\"(max-width: 1200px) 100vw, 1200px\" \/><\/figure><div class=\"elementor-image-box-content\"><h3 class=\"elementor-image-box-title\">Kontakt<\/h3><p class=\"elementor-image-box-description\">Lorem ipsum dolor sit amet, consectetur adipiscing elit. Ut elit tellus, luctus nec ullamcorper mattis, pulvinar dapibus leo.<\/p><\/div><\/div>\t\t\t\t<\/div>\n\t\t\t\t\t<\/div>\n\t\t\t\t<\/div>\n\t\t\t\t<\/div>\n\t\t","protected":false},"excerpt":{"rendered":"<p>Bee Windeck \u2013 Honig aus dem Herzen der Natur Regional. Nachhaltig. Handgemacht. Willkommen bei Bee Windeck, meiner kleinen, naturnahen Imkerei im Rhein\u2011Sieg\u2011Kreis.Ich begleite meine Bienenv\u00f6lker durch das Jahr, ernte ihren Honig schonend und lege gro\u00dfen Wert auf Qualit\u00e4t, Nachhaltigkeit und regionale Verantwortung. Die Imkerei Lorem ipsum dolor sit amet, consectetur adipiscing elit. Ut elit tellus, [&hellip;]<\/p>\n","protected":false},"author":1,"featured_media":0,"parent":0,"menu_order":0,"comment_status":"closed","ping_status":"closed","template":"","meta":{"_eb_attr":"","footnotes":""},"class_list":["post-7","page","type-page","status-publish","hentry"],"_links":{"self":[{"href":"https:\/\/bee-windeck.de\/index.php?rest_route=\/wp\/v2\/pages\/7","targetHints":{"allow":["GET"]}}],"collection":[{"href":"https:\/\/bee-windeck.de\/index.php?rest_route=\/wp\/v2\/pages"}],"about":[{"href":"https:\/\/bee-windeck.de\/index.php?rest_route=\/wp\/v2\/types\/page"}],"author":[{"embeddable":true,"href":"https:\/\/bee-windeck.de\/index.php?rest_route=\/wp\/v2\/users\/1"}],"replies":[{"embeddable":true,"href":"https:\/\/bee-windeck.de\/index.php?rest_route=%2Fwp%2Fv2%2Fcomments&post=7"}],"version-history":[{"count":26,"href":"https:\/\/bee-windeck.de\/index.php?rest_route=\/wp\/v2\/pages\/7\/revisions"}],"predecessor-version":[{"id":162,"href":"https:\/\/bee-windeck.de\/index.php?rest_route=\/wp\/v2\/pages\/7\/revisions\/162"}],"wp:attachment":[{"href":"https:\/\/bee-windeck.de\/index.php?rest_route=%2Fwp%2Fv2%2Fmedia&parent=7"}],"curies":[{"name":"wp","href":"https:\/\/api.w.org\/{rel}","templated":true}]}}